{"id":10,"date":"2021-06-08T13:53:43","date_gmt":"2021-06-08T10:53:43","guid":{"rendered":"https:\/\/localveri.com.tr\/odeme\/?post_type=product&#038;p=10"},"modified":"2022-11-24T12:01:17","modified_gmt":"2022-11-24T09:01:17","slug":"kredi-karti-ile-ode","status":"publish","type":"product","link":"https:\/\/localveri.com.tr\/odeme\/online\/kredi-karti-ile-ode\/","title":{"rendered":"Kredi Kart\u0131 \u0130le \u00d6de"},"content":{"rendered":"","protected":false},"excerpt":{"rendered":"<p>Tutar girerek Fatura Bilgilerini Gir butonuna t\u0131klad\u0131ktan sonra a\u00e7\u0131lan sayfada fatura ve kredi kart\u0131 bilgilerinizi girerek \u00f6deme i\u015flemini g\u00fcvenli bir \u015fekilde tamamlayabilirsiniz.<\/p>\n<p>Not: K\u00fcs\u00fcratl\u0131 tutar girerken l\u00fctfen . (nokta) i\u015fareti kullan\u0131n\u0131z<\/p>\n","protected":false},"featured_media":11,"template":"","meta":[],"product_cat":[15],"product_tag":[],"class_list":["post-10","product","type-product","status-publish","has-post-thumbnail","hentry","product_cat-genel"],"_links":{"self":[{"href":"https:\/\/localveri.com.tr\/odeme\/wp-json\/wp\/v2\/product\/10","targetHints":{"allow":["GET"]}}],"collection":[{"href":"https:\/\/localveri.com.tr\/odeme\/wp-json\/wp\/v2\/product"}],"about":[{"href":"https:\/\/localveri.com.tr\/odeme\/wp-json\/wp\/v2\/types\/product"}],"wp:featuredmedia":[{"embeddable":true,"href":"https:\/\/localveri.com.tr\/odeme\/wp-json\/wp\/v2\/media\/11"}],"wp:attachment":[{"href":"https:\/\/localveri.com.tr\/odeme\/wp-json\/wp\/v2\/media?parent=10"}],"wp:term":[{"taxonomy":"product_cat","embeddable":true,"href":"https:\/\/localveri.com.tr\/odeme\/wp-json\/wp\/v2\/product_cat?post=10"},{"taxonomy":"product_tag","embeddable":true,"href":"https:\/\/localveri.com.tr\/odeme\/wp-json\/wp\/v2\/product_tag?post=10"}],"curies":[{"name":"wp","href":"https:\/\/api.w.org\/{rel}","templated":true}]}}